{"id":3475,"date":"2020-10-15T00:17:05","date_gmt":"2020-10-14T22:17:05","guid":{"rendered":"https:\/\/www.corona-tracking.info\/?page_id=3475"},"modified":"2021-02-12T05:31:39","modified_gmt":"2021-02-12T04:31:39","slug":"outil-de-reservation-postes-de-prelevement","status":"publish","type":"page","link":"https:\/\/www.corona-tracking.info\/info-generale\/glossaire\/outil-de-reservation-postes-de-prelevement\/?lang=fr","title":{"rendered":"Outil de r\u00e9servation postes de pr\u00e9l\u00e8vement"},"content":{"rendered":"<h4>Outil de r\u00e9servation gratuit fourni par le gouvernement pour les postes de pr\u00e9l\u00e8vement<\/h4>\n<p>\u00c0 partir du 3 novembre, le gouvernement offrira un outil de r\u00e9servation gratuit pour les postes de pr\u00e9l\u00e8vement sous la forme d&#8217;une application web. Un pr\u00e9l\u00e8vement dans un poste de pr\u00e9l\u00e8vement sera alors toujours effectu\u00e9 sur rendez-vous, qui peut \u00eatre pris par la personne \u00e0 tester, ou par quelqu\u2019un d\u2019autre (par exemple le m\u00e9decin g\u00e9n\u00e9raliste) au nom de cette personne. L\u2019outil de r\u00e9servation garantit que toutes les informations pertinentes pour le pr\u00e9l\u00e8vement, pour la recherche des contacts et pour la transmission des r\u00e9sultats des tests au(x) m\u00e9decin(s) qui doivent recevoir les r\u00e9sultats, sont pr\u00e9sentes au maximum dans un syst\u00e8me d\u2019information sous-jacent, de sorte que ces informations ne doivent plus \u00eatre collect\u00e9es au sein du poste de pr\u00e9l\u00e8vement. En plus, il assure \u00e9galement que seules les personnes appartenant aux cat\u00e9gories \u00e0 tester selon la strat\u00e9gie de test en vigueur peuvent prendre un rendez-vous pour un pr\u00e9l\u00e8vement \u00e0 un poste de pr\u00e9l\u00e8vement. Enfin, il constitue la base d&#8217;une bonne vue sur la relation entre le nombre de personnes pour lesquelles un \u00e9chantillon doit \u00eatre pr\u00e9lev\u00e9 et la capacit\u00e9 de pr\u00e9l\u00e8vement.<\/p>\n<h4>Avantages de l&#8217;utilisation d&#8217;un outil de r\u00e9servation<\/h4>\n<p>L&#8217;usage de l&#8217;outil de r\u00e9servation pr\u00e9sente plusieurs avantages<\/p>\n<ul>\n<li>soulager les m\u00e9decins g\u00e9n\u00e9ralistes\n<ul>\n<li>les personnes asymptomatiques peuvent faire effectuer elles-m\u00eames un test sur la base du code d\u2019activation communiqu\u00e9;<\/li>\n<li>les contacts \u00e0 haut risque asymptomatiques peuvent se procurer eux-m\u00eames un certificat de quarantaine;<\/li>\n<li>les personnes asymptomatiques ont acc\u00e8s elles-m\u00eames au r\u00e9sultat de leur test et ne doivent pas contacter leur m\u00e9decin g\u00e9n\u00e9raliste pour cela;<\/li>\n<li>les utilisateurs de l\u2019application <a href=\"https:\/\/coronalert.be\/fr\/\">Coronalert<\/a> peuvent eux-m\u00eames communiquer le code de test g\u00e9n\u00e9r\u00e9 par l\u2019application \u00e0 Sciensano;<\/li>\n<\/ul>\n<\/li>\n<li>all\u00e9ger la charge de travail administrative des postes de pr\u00e9l\u00e8vement en saisissant \u00e0 l\u2019avance toutes les informations pertinentes, optimisant ainsi l\u2019utilisation de la capacit\u00e9 des postes de pr\u00e9l\u00e8vement;<\/li>\n<li>s\u2019assurer que les laboratoires disposent toujours des informations compl\u00e8tes n\u00e9cessaires pour effectuer le test;<\/li>\n<li>accro\u00eetre l\u2019efficacit\u00e9 du suivi des contacts car les num\u00e9ros de t\u00e9l\u00e9phone sont toujours disponibles;<\/li>\n<li>garantir que les r\u00e9sultats des tests arrivent toujours chez le m\u00e9decin g\u00e9n\u00e9raliste;<\/li>\n<li>s&#8217;assurer que seules les personnes appartenant aux cat\u00e9gories \u00e0 tester selon la strat\u00e9gie de test en vigueur peuvent prendre un rendez-vous pour un pr\u00e9l\u00e8vement \u00e0 un poste de pr\u00e9l\u00e8vement<\/li>\n<li>avoir toujours un aper\u00e7u global de la capacit\u00e9 de pr\u00e9l\u00e8vement disponible.<\/li>\n<\/ul>\n<h4>Fonctionnalit\u00e9s de l&#8217;outil de r\u00e9servation offert par le gouvernement<\/h4>\n<p>L&#8217;outil de r\u00e9servation est une application web modulaire et se compose des 3 modules suivants:<\/p>\n<ol>\n<li>un module permettant aux postes de pr\u00e9l\u00e8vement d\u2019introduire les informations suivantes\n<ul>\n<li>le num\u00e9ro INAMI du poste de pr\u00e9l\u00e8vement;<\/li>\n<li>par site d\u2019un poste de pr\u00e9l\u00e8vement actif\n<ul>\n<li>la p\u00e9riode pendant laquelle le site est actif;<\/li>\n<li>l\u2019adresse du site;<\/li>\n<li>les heures d\u2019ouverture du site;<\/li>\n<li>la capacit\u00e9 de pr\u00e9l\u00e8vement par cr\u00e9neau de pr\u00e9l\u00e8vement (par exemple par quart d\u2019heure ou demi-heure);<\/li>\n<li>la capacit\u00e9 de pr\u00e9l\u00e8vement disponible par cr\u00e9neau de pr\u00e9l\u00e8vement pour les 3 jours suivants;<\/li>\n<\/ul>\n<\/li>\n<\/ul>\n<\/li>\n<li>un module qui permet \u00e0 la personne \u00e0 tester ou \u00e0 une autre personne au nom de cette personne de prendre rendez-vous aupr\u00e8s d\u2019un poste de pr\u00e9l\u00e8vement, en indiquant au minimum\n<ul>\n<li>le <a href=\"\/info-generale\/glossaire\/corona-test-prescription-code\/?lang=fr\">CTPC<\/a> pour le test;<\/li>\n<li>le <a href=\"\/info-generale\/glossaire\/niss\/?lang=fr\">NISS<\/a> de la personne \u00e0 tester;<\/li>\n<li>le num\u00e9ro de t\u00e9l\u00e9phone (de pr\u00e9f\u00e9rence un num\u00e9ro de GSM) de la personne \u00e0 tester;<\/li>\n<li>le nom et le pr\u00e9nom de la personne \u00e0 tester;<\/li>\n<li>si la personne pr\u00e9sente des sympt\u00f4mes, la date de d\u00e9but des sympt\u00f4mes;<\/li>\n<li>le code postal du lieu \u00e0 proximit\u00e9 duquel la personne \u00e0 tester souhaite un pr\u00e9l\u00e8vement;<\/li>\n<li>le num\u00e9ro INAMI de maximum 2 m\u00e9decins autres que le m\u00e9decin prescripteur qui doivent recevoir le r\u00e9sultat du test;<\/li>\n<li>si la personne \u00e0 tester utilise l\u2019application <a href=\"https:\/\/coronalert.be\/fr\/\">Coronalert<\/a>, le code de test (17 chiffres) de la personne g\u00e9n\u00e9r\u00e9 par l\u2019application et la date de d\u00e9but de la contagiosit\u00e9 calcul\u00e9e par l\u2019application <a href=\"https:\/\/coronalert.be\/fr\/\">Coronalert<\/a>;<\/li>\n<\/ul>\n<\/li>\n<li>un module permettant au poste de pr\u00e9l\u00e8vement de remplir un eForm <a href=\"\/info-generale\/glossaire\/eform-laboratorytestrequest\/?lang=fr\">LaboratoryTestRequest<\/a> et de l\u2019envoyer \u00e0 l\u2019eHealthbox du laboratoire, en indiquant au minimum\n<ul>\n<li>le <a href=\"\/info-generale\/glossaire\/niss\/?lang=fr\">NISS<\/a> de la personne \u00e0 tester;<\/li>\n<li>le num\u00e9ro de t\u00e9l\u00e9phone (de pr\u00e9f\u00e9rence un num\u00e9ro de GSM) de la personne \u00e0 tester;<\/li>\n<li>le cas \u00e9ch\u00e9ant, le num\u00e9ro INAMI du m\u00e9decin prescripteur;<\/li>\n<li>le num\u00e9ro INAMI de maximum 2 m\u00e9decins autres que le m\u00e9decin prescripteur qui doivent recevoir le r\u00e9sultat du test;<\/li>\n<li>le <a href=\"\/info-generale\/glossaire\/code-test-prescription\/?lang=fr\">code test prescription<\/a> (code TP);<\/li>\n<li>la date de pr\u00e9l\u00e8vement de l\u2019\u00e9chantillon;<\/li>\n<li>le num\u00e9ro de l\u2019\u00e9chantillon;<\/li>\n<li>le type d\u2019\u00e9chantillon;<\/li>\n<li>le num\u00e9ro INAMI du laboratoire auquel l\u2019\u00e9chantillon est envoy\u00e9 pour l\u2019ex\u00e9cution du test;<\/li>\n<li>la raison du pr\u00e9l\u00e8vement de l\u2019\u00e9chantillon (sur la base du <a href=\"\/info-generale\/glossaire\/corona-test-prescription-code\/?lang=fr\">CTPC<\/a>);<\/li>\n<li>si la personne pr\u00e9sente des sympt\u00f4mes, la date de d\u00e9but des sympt\u00f4mes;<\/li>\n<li>le cas \u00e9ch\u00e9ant, l\u2019identit\u00e9 de la collectivit\u00e9 ou de l\u2019entreprise dont la personne \u00e0 tester fait partie.<\/li>\n<\/ul>\n<\/li>\n<\/ol>\n<h4>Bases de donn\u00e9es sous-jacentes<\/h4>\n<p>L\u2019outil de r\u00e9servation utilise 2 bases de donn\u00e9es, dont le contenu est d\u00e9crit ci-dessous.<\/p>\n<ol>\n<li>Base de donn\u00e9es des postes de pr\u00e9l\u00e8vement\n<ul>\n<li>le num\u00e9ro INAMI du poste de pr\u00e9l\u00e8vement;<\/li>\n<li>par site d\u2019un poste de pr\u00e9l\u00e8vement actif\n<ul>\n<li>la p\u00e9riode pendant laquelle le site est actif;<\/li>\n<li>l\u2019adresse du site;<\/li>\n<li>les heures d\u2019ouverture du site;<\/li>\n<li>la capacit\u00e9 de pr\u00e9l\u00e8vement par cr\u00e9neau de pr\u00e9l\u00e8vement (par exemple par quart d\u2019heure ou demi-heure);<\/li>\n<li>la capacit\u00e9 de pr\u00e9l\u00e8vement disponible par cr\u00e9neau de pr\u00e9l\u00e8vement pour les 3 jours suivants;<\/li>\n<\/ul>\n<\/li>\n<\/ul>\n<\/li>\n<li>Base de donn\u00e9es CTPC\n<ul>\n<li>s\u00e9rie de donn\u00e9es 1\n<ul>\n<li>le <a href=\"\/info-generale\/glossaire\/corona-test-prescription-code\/?lang=fr\">CTPC<\/a> pour le test;<\/li>\n<li>la raison de l\u2019attribution du <a href=\"\/info-generale\/glossaire\/corona-test-prescription-code\/?lang=fr\">CTPC<\/a>;<\/li>\n<li><span style=\"color: #0000ff;\"><em>le num\u00e9ro d&#8217;INAMI ou le <a style=\"color: #0000ff;\" href=\"\/info-generale\/glossaire\/niss\/?lang=fr\">NISS<\/a> du pr\u00e9scripteur;<\/em><\/span><\/li>\n<li><span style=\"color: #0000ff;\"><em>le <\/em><a style=\"color: #0000ff;\" href=\"\/info-generale\/glossaire\/niss\/?lang=fr\"><em>NISS<\/em><\/a><em> de la personne \u00e0 tester;<\/em><\/span><\/li>\n<li><span style=\"color: #0000ff;\"><em>le nom et le pr\u00e9nom de la personne \u00e0 tester;<\/em><\/span><\/li>\n<li><span style=\"color: #0000ff;\"><em>num\u00e9ro de t\u00e9l\u00e9phone 1;<\/em><\/span><\/li>\n<li>indication selon laquelle un SMS a \u00e9t\u00e9 envoy\u00e9 au num\u00e9ro de t\u00e9l\u00e9phone 1;<\/li>\n<li><span style=\"color: #0000ff;\"><em>num\u00e9ro de t\u00e9l\u00e9phone 2;<\/em><\/span><\/li>\n<li>indication selon laquelle un SMS a \u00e9t\u00e9 envoy\u00e9 au num\u00e9ro de t\u00e9l\u00e9phone 2;<\/li>\n<li><span style=\"color: #0000ff;\"><em>l\u2019adresse e-mail de la personne \u00e0 tester;<\/em><\/span><\/li>\n<li><span style=\"color: #0000ff;\"><em>l\u2019indication selon laquelle la personne \u00e0 tester est un professionnel de la sant\u00e9 ou non;<\/em><\/span><\/li>\n<li><span style=\"color: #0000ff;\"><em>si la personne \u00e0 tester est symptomatique, la date de d\u00e9but des sympt\u00f4mes;<\/em><\/span><\/li>\n<li>le cas \u00e9ch\u00e9ant, l\u2019identit\u00e9 de la collectivit\u00e9 ou de l\u2019entreprise dont la personne \u00e0 tester fait partie;<\/li>\n<li><span style=\"color: #0000ff;\"><em>le num\u00e9ro INAMI de maximum 2 m\u00e9decins autres que le m\u00e9decin prescripteur qui doivent recevoir le r\u00e9sultat du test;<\/em><\/span><\/li>\n<li>le type de test \u00e0 effectuer;<\/li>\n<li>la date \u00e0 laquelle le <a href=\"\/info-generale\/glossaire\/corona-test-prescription-code\/?lang=fr\">CTPC<\/a> a \u00e9t\u00e9 cr\u00e9\u00e9;<\/li>\n<li>la date \u00e0 partir de laquelle un \u00e9chantillon peut \u00eatre pr\u00e9lev\u00e9 sur la base de ce <a href=\"\/info-generale\/glossaire\/corona-test-prescription-code\/?lang=fr\">CTPC<\/a>;<\/li>\n<li>la date de la derni\u00e8re consultation du <a href=\"\/info-generale\/glossaire\/corona-test-prescription-code\/?lang=fr\">CTPC<\/a>;<\/li>\n<li>le <a href=\"\/info-generale\/glossaire\/code-test-prescription\/?lang=fr\">code test prescription<\/a> (code TP)<\/li>\n<li><span style=\"color: #0000ff;\"><em>si la personne \u00e0 tester utilise l\u2019application <\/em><a style=\"color: #0000ff;\" href=\"https:\/\/coronalert.be\/fr\/\"><em>Coronalert<\/em><\/a><em>, le code de test (17 chiffres) de la personne g\u00e9n\u00e9r\u00e9 par l\u2019application et la date de d\u00e9but de la contagiosit\u00e9 calcul\u00e9e par l\u2019application <\/em><a style=\"color: #0000ff;\" href=\"https:\/\/coronalert.be\/fr\/\"><em>Coronalert<\/em><\/a><em>;<\/em><\/span><\/li>\n<\/ul>\n<\/li>\n<li>s\u00e9rie de donn\u00e9es 2\n<ul>\n<li>la date de pr\u00e9l\u00e8vement de l\u2019\u00e9chantillon;<\/li>\n<li>le num\u00e9ro de l\u2019\u00e9chantillon;<\/li>\n<li>le type d\u2019\u00e9chantillon;<\/li>\n<li>la date \u00e0 laquelle le <a href=\"\/info-generale\/glossaire\/corona-test-prescription-code\/?lang=fr\">CTPC<\/a> a \u00e9t\u00e9 \u2018consomm\u00e9\u2019;<\/li>\n<li>le num\u00e9ro INAMI du poste de pr\u00e9l\u00e8vement qui a \u2018consomm\u00e9\u2019 le <a href=\"\/info-generale\/glossaire\/corona-test-prescription-code\/?lang=fr\">CTPC<\/a>;<\/li>\n<li>le num\u00e9ro INAMI du laboratoire auquel l\u2019\u00e9chantillon est envoy\u00e9.<\/li>\n<\/ul>\n<\/li>\n<\/ul>\n<\/li>\n<\/ol>\n<h4>Processus de r\u00e9servation d&#8217;un moment de pr\u00e9l\u00e8vement<\/h4>\n<p>Une personne pour qui un \u00e9chantillon doit \u00eatre pr\u00e9lev\u00e9 dans un poste de pr\u00e9l\u00e8vement ou une autre personne (par exemple le m\u00e9decin g\u00e9n\u00e9raliste) au nom de cette personne, prend rendez-vous pour un pr\u00e9l\u00e8vement via une application web. Le <a href=\"\/info-generale\/glossaire\/corona-test-prescription-code\/?lang=fr\">CTPC<\/a> est introduit dans l\u2019application web. La validit\u00e9 du <a href=\"\/info-generale\/glossaire\/corona-test-prescription-code\/?lang=fr\">CTPC<\/a> est v\u00e9rifi\u00e9e dans la base de donn\u00e9es CTPC. En fonction des priorit\u00e9s de test applicables (voir d\u00e9cision IMC), le <a href=\"\/info-generale\/glossaire\/corona-test-prescription-code\/?lang=fr\">CTPC<\/a> donne droit ou non \u00e0 un test. Si le <a href=\"\/info-generale\/glossaire\/corona-test-prescription-code\/?lang=fr\">CTPC<\/a> donne droit \u00e0 un test, le patient verra les postes de pr\u00e9l\u00e8vement \u00e0 proximit\u00e9 o\u00f9 la capacit\u00e9 de pr\u00e9l\u00e8vement est disponible, avec les heures auxquelles un \u00e9chantillon peut \u00eatre pr\u00e9lev\u00e9. Un poste de pr\u00e9l\u00e8vement et une heure de rendez-vous sont choisis.<\/p>\n<p>En cas d\u2019absence dans la base de donn\u00e9es CTPC, le <a href=\"\/info-generale\/glossaire\/niss\/?lang=fr\">NISS<\/a>, le num\u00e9ro de t\u00e9l\u00e9phone, le nom et le pr\u00e9nom et le lieu de r\u00e9sidence de la personne \u00e0 tester sont enregistr\u00e9s dans la base de donn\u00e9es du CTPC pendant de processus de r\u00e9servation.<\/p>\n<p>Lorsqu\u2019un rendez-vous est pris sur la base d\u2019un <a href=\"\/info-generale\/glossaire\/corona-test-prescription-code\/?lang=fr\">CTPC<\/a> d\u00e9livr\u00e9 \u00e0 un contact \u00e0 haut risque d\u00e9tect\u00e9 par l\u2019application Coronalert, le code de test g\u00e9n\u00e9r\u00e9 par l\u2019application Coronalert et la date de contagiosit\u00e9 calcul\u00e9e par l\u2019application Coronalert sont enregistr\u00e9s dans la base de donn\u00e9es CTPC.<\/p>\n<p>L\u2019outil de r\u00e9servation fournit au patient un ticket de r\u00e9servation avec un num\u00e9ro unique et \u00e9ventuellement un code QR avec lequel il peut se pr\u00e9senter au poste de pr\u00e9l\u00e8vement choisi \u00e0 l\u2019heure convenue.<\/p>\n<h4>Libert\u00e9 de choix pour les postes de pr\u00e9l\u00e8vement<\/h4>\n<p>Pour le processus de r\u00e9servation d\u2019un moment de pr\u00e9l\u00e8vement, et pour la cr\u00e9ation d\u2019un eForm <a href=\"\/info-generale\/glossaire\/eform-laboratorytestrequest\/?lang=fr\">LaboratoryTestRequest<\/a> et son envoi \u00e0 l\u2019eHealthbox du laboratoire, les postes de pr\u00e9l\u00e8vement ont la libert\u00e9 soit d\u2019utiliser un ou plusieurs modules de l\u2019outil de r\u00e9servation gratuit fourni par le gouvernement, soit d\u2019utiliser leur propre logiciel.<\/p>\n<p>S\u2019ils utilisent leur propre logiciel pour la fonctionnalit\u00e9 du module 1, leur logiciel doit cependant alimenter la base de donn\u00e9es des postes de pr\u00e9l\u00e8vement au moins toutes les heures. Cela peut \u00eatre r\u00e9alis\u00e9 via l\u2019<a href=\"https:\/\/yves323.atlassian.net\/servicedesk\/customer\/portal\/2\/article\/2523137?src=-1352273888\" target=\"_blank\" rel=\"noopener noreferrer\">API &#8216;Capacity sampling posts&#8217;<\/a>.<\/p>\n<p>S\u2019ils utilisent leur propre logiciel pour la fonctionnalit\u00e9 du module 2, leur logiciel doit suivre le processus de r\u00e9servation d\u00e9crit ci-dessus, y compris la consultation de la base de donn\u00e9es CTPC et, le cas \u00e9ch\u00e9ant, l\u2019ajout dans cette base de donn\u00e9es des champs indiqu\u00e9s en <span style=\"color: #0000ff;\"><em>bleu fonc\u00e9<\/em><\/span> de la s\u00e9rie de donn\u00e9es 1. Cela peut \u00eatre r\u00e9alis\u00e9 via l\u2019<a href=\"https:\/\/portal.api.ehealth.fgov.be\/\" target=\"_blank\" rel=\"noopener noreferrer\">API &#8216;COVID-19 test prescription codes&#8217;<\/a>\u00a0(introduisez le terme de recherche \u2018Covid19-PCR\u2019). La proc\u00e9dure d\u2019onboarding est disponible <a href=\"https:\/\/www.ehealth.fgov.be\/ehealthplatform\/nl\/service-pcr-test-prescription\">ici<\/a>.<\/p>\n<p>S\u2019ils utilisent leur propre logiciel pour la fonctionnalit\u00e9 du module 3, ce logiciel doit utiliser les informations pertinentes disponibles dans la s\u00e9rie de donn\u00e9es 1 de la base de donn\u00e9es CTPC et compl\u00e9ter la s\u00e9rie de donn\u00e9es 2 de la base de donn\u00e9es CTPC. Cela peut \u00eatre r\u00e9alis\u00e9 via l&#8217;<a href=\"https:\/\/portal.api.ehealth.fgov.be\/\" target=\"_blank\" rel=\"noopener noreferrer\">API &#8216;COVID-19 test prescription codes&#8217;<\/a> (introduisez le terme de recherche \u2018Covid19-PCR\u2019). La proc\u00e9dure d\u2019onboarding est disponible <a href=\"https:\/\/www.ehealth.fgov.be\/ehealthplatform\/nl\/service-pcr-test-prescription\">ici<\/a>. De plus, le logiciel doit envoyer l\u2019eForm <a href=\"\/info-generale\/glossaire\/eform-laboratorytestrequest\/?lang=fr\">LaboratoryTestRequest<\/a> \u00e0 l\u2019eHealthbox du laboratoire qui doit effectuer le test.<\/p>\n","protected":false},"excerpt":{"rendered":"<p>Outil de r\u00e9servation gratuit fourni par le gouvernement pour les postes de pr\u00e9l\u00e8vement \u00c0 partir du 3 novembre, le gouvernement offrira un outil de r\u00e9servation gratuit pour les postes de pr\u00e9l\u00e8vement sous la forme d&#8217;une application web. Un pr\u00e9l\u00e8vement dans un poste de pr\u00e9l\u00e8vement sera alors toujours effectu\u00e9 sur rendez-vous, qui peut \u00eatre pris par la personne \u00e0 tester, ou par quelqu\u2019un d\u2019autre (par exemple le m\u00e9decin g\u00e9n\u00e9raliste) au nom de cette personne. L\u2019outil de r\u00e9servation garantit que toutes les informations pertinentes pour le pr\u00e9l\u00e8vement, pour la recherche des contacts et pour la transmission des r\u00e9sultats des tests au(x) m\u00e9decin(s)&#46;&#46;&#46;<\/p>\n","protected":false},"author":3,"featured_media":0,"parent":1866,"menu_order":6,"comment_status":"closed","ping_status":"closed","template":"","meta":{"footnotes":""},"_links":{"self":[{"href":"https:\/\/www.corona-tracking.info\/wp-json\/wp\/v2\/pages\/3475"}],"collection":[{"href":"https:\/\/www.corona-tracking.info\/wp-json\/wp\/v2\/pages"}],"about":[{"href":"https:\/\/www.corona-tracking.info\/wp-json\/wp\/v2\/types\/page"}],"author":[{"embeddable":true,"href":"https:\/\/www.corona-tracking.info\/wp-json\/wp\/v2\/users\/3"}],"replies":[{"embeddable":true,"href":"https:\/\/www.corona-tracking.info\/wp-json\/wp\/v2\/comments?post=3475"}],"version-history":[{"count":60,"href":"https:\/\/www.corona-tracking.info\/wp-json\/wp\/v2\/pages\/3475\/revisions"}],"predecessor-version":[{"id":7733,"href":"https:\/\/www.corona-tracking.info\/wp-json\/wp\/v2\/pages\/3475\/revisions\/7733"}],"up":[{"embeddable":true,"href":"https:\/\/www.corona-tracking.info\/wp-json\/wp\/v2\/pages\/1866"}],"wp:attachment":[{"href":"https:\/\/www.corona-tracking.info\/wp-json\/wp\/v2\/media?parent=3475"}],"curies":[{"name":"wp","href":"https:\/\/api.w.org\/{rel}","templated":true}]}}