{"id":11415,"date":"2021-11-11T18:58:18","date_gmt":"2021-11-11T17:58:18","guid":{"rendered":"https:\/\/www.corona-tracking.info\/?page_id=11415"},"modified":"2021-11-12T01:20:17","modified_gmt":"2021-11-12T00:20:17","slug":"ik-wil-deelnemen-aan-een-evenement-of-een-gelegenheid-of-instelling-bezoeken-waarvoor-een-corona-safe-ticket-nodig-is","status":"publish","type":"page","link":"https:\/\/www.corona-tracking.info\/mockup-tegel-covid-19\/ik-wil-deelnemen-aan-een-evenement-of-een-gelegenheid-of-instelling-bezoeken-waarvoor-een-corona-safe-ticket-nodig-is\/","title":{"rendered":"Ik wil deelnemen aan een evenement of een gelegenheid of instelling bezoeken waarvoor een Corona Safe Ticket nodig is"},"content":{"rendered":"<h5><em>Stap 1: Covid Safe Ticket nodig ?<\/em><\/h5>\n<p>Kijk of vraag na of voor het evenement waaraan u wenst deel te nemen, of voor de gelegenheid of instelling die u wenst te bezoeken de voorlegging van een COVID Safe Ticket (CST) vereist is.<\/p>\n<h5><em>Stap 2: beschikken over relevant EU Digitaal COVID-19 Certificaat<\/em><\/h5>\n<p>Indien je een CST dient voor te leggen, zorg dat je beschikt over een EU Digitaal COVID-19 Vaccinatie-, Herstel- of Testcertificaat waarmee je bewijst te voldoen aan de vereisten die worden gesteld voor het genereren van een CST. Deze huidige vereisten staan in onderstaande tabel (klik op de tabel om hem te vergroten).<\/p>\n<p><a href=\"https:\/\/www.corona-tracking.info\/wp-content\/uploads\/2021\/11\/Beslissingstabel-CST-Nederlands.png\" target=\"_blank\" rel=\"noopener\"><img decoding=\"async\" class=\"alignnone wp-image-11423 size-full\" src=\"https:\/\/www.corona-tracking.info\/wp-content\/uploads\/2021\/11\/Beslissingstabel-CST-Nederlands.png\" alt=\"\" width=\"3833\" height=\"1180\" srcset=\"https:\/\/www.corona-tracking.info\/wp-content\/uploads\/2021\/11\/Beslissingstabel-CST-Nederlands.png 3833w, https:\/\/www.corona-tracking.info\/wp-content\/uploads\/2021\/11\/Beslissingstabel-CST-Nederlands-300x92.png 300w, https:\/\/www.corona-tracking.info\/wp-content\/uploads\/2021\/11\/Beslissingstabel-CST-Nederlands-1024x315.png 1024w, https:\/\/www.corona-tracking.info\/wp-content\/uploads\/2021\/11\/Beslissingstabel-CST-Nederlands-768x236.png 768w, https:\/\/www.corona-tracking.info\/wp-content\/uploads\/2021\/11\/Beslissingstabel-CST-Nederlands-1536x473.png 1536w, https:\/\/www.corona-tracking.info\/wp-content\/uploads\/2021\/11\/Beslissingstabel-CST-Nederlands-2048x630.png 2048w, https:\/\/www.corona-tracking.info\/wp-content\/uploads\/2021\/11\/Beslissingstabel-CST-Nederlands-24x7.png 24w, https:\/\/www.corona-tracking.info\/wp-content\/uploads\/2021\/11\/Beslissingstabel-CST-Nederlands-36x11.png 36w, https:\/\/www.corona-tracking.info\/wp-content\/uploads\/2021\/11\/Beslissingstabel-CST-Nederlands-48x15.png 48w\" sizes=\"(max-width: 3833px) 100vw, 3833px\" \/><\/a><\/p>\n<p>Indien je moet getest worden, kan je daartoe een <a href=\"\/mockup-tegel-covid-19\/ik-wil-moet-mezelf-of-mijn-kind-laten-testen\/\">CTPC (Corona Test Prescription Code) aanvragen<\/a>. Daarna kan je je testresultaat raadplegen via <a href=\"\/mockup-tegel-covid-19\/ik-wil-een-testresultaat-van%20mezelf-of-van-mijn-kind-kennen\/\" target=\"_blank\" rel=\"noopener\">deze kanalen<\/a>. Indien je negatief hebt getest kan je via deze kanalen ook een EU Digitaal COVID-19 Testcertificaat afladen.<\/p>\n<p>Indien je een EU Digitaal COVID-19 Vaccinatie- of Herstelcertificaat wenst af te laden, kan je dit doen via de app CovidSafeBe of via een webtoepassing.<\/p>\n<p>Op de\u00a0<a href=\"https:\/\/covidsafe.be\/nl\" target=\"_blank\" rel=\"noopener\">website CovidSafeBe<\/a> kan je lezen hoe je de app CovidSafeBe installeert en kan gebruiken om je EU Digitaal COVID-19 Vaccinatie- of Herstelcertificaat af te laden.<\/p>\n<p>Hieronder kan je lezen hoe je via een webtoepassing je je EU Digitaal COVID-19 Vaccinatie- of Herstelcertificaat kan afladen.<\/p>\n<hr \/>\n<h5>Ik woon in Belgi\u00eb en wens een EU Digitaal COVID-19 Vaccinatie- of Herstelcertificaat af te laden<\/h5>\n<p>Je kan je EU Digitaal COVID-19 Vaccinatie- of Herstelcertificaat afladen via deze <a href=\"https:\/\/www.mijngezondheid.belgie.be\/#\/app\/covid-19\/certificates\" target=\"_blank\" rel=\"noopener\">webtoepassing<\/a>. Je moet eerst authentiseren met je elektronische identiteitskaart of Itsme.<\/p>\n<p>Zorg dat je het volgende bij de hand hebt<\/p>\n<ol>\n<li>hetzij een lezer voor de elektronische identiteitskaart, je elektronische identiteitskaart en je pincode voor je elektronische identiteitskaart<\/li>\n<li>hetzij je GSM met de Itsme app en je pincode voor Itsme<\/li>\n<\/ol>\n<hr \/>\n<h5>Ik woon in Belgi\u00eb en wens EU Digitaal COVID-19 Vaccinatie- of Herstelcertificaat af te laden van \u00e9\u00e9n van de kinderen die bij mij gedomicilieerd zijn<\/h5>\n<p>Je kan het EU Digitaal COVID-19 Vaccinatie- of Herstelcertificaat afladen via deze <a href=\"https:\/\/www.mijngezondheid.belgie.be\/#\/app\/covid-19\/certificates\" target=\"_blank\" rel=\"noopener\">webtoepassing<\/a>. Je moet je eerst authentiseren met je elektronische identiteitskaart of Itsme.<\/p>\n<p>Zorg dat je het volgende bij de hand hebt<\/p>\n<ol>\n<li>hetzij een lezer voor de elektronische identiteitskaart, je elektronische identiteitskaart en je pincode voor je elektronische identiteitskaart<\/li>\n<li>hetzij je GSM met de Itsme app en je pincode voor Itsme<\/li>\n<\/ol>\n<p>Selecteer de naam van je kind in het dropdown menu \u2018Voor mijn kind\u2019.<\/p>\n<hr \/>\n<h5>Ik woon niet in Belgi\u00eb<\/h5>\n<p>Aan te vullen<\/p>\n<hr \/>\n<p>&nbsp;<\/p>\n","protected":false},"excerpt":{"rendered":"<p>Stap 1: Covid Safe Ticket nodig ? Kijk of vraag na of voor het evenement waaraan u wenst deel te nemen, of voor de gelegenheid of instelling die u wenst te bezoeken de voorlegging van een COVID Safe Ticket (CST) vereist is. Stap 2: beschikken over relevant EU Digitaal COVID-19 Certificaat Indien je een CST dient voor te leggen, zorg dat je beschikt over een EU Digitaal COVID-19 Vaccinatie-, Herstel- of Testcertificaat waarmee je bewijst te voldoen aan de vereisten die worden gesteld voor het genereren van een CST. Deze huidige vereisten staan in onderstaande tabel (klik op de tabel&#46;&#46;&#46;<\/p>\n","protected":false},"author":3,"featured_media":0,"parent":11349,"menu_order":7,"comment_status":"closed","ping_status":"closed","template":"","meta":{"footnotes":""},"_links":{"self":[{"href":"https:\/\/www.corona-tracking.info\/wp-json\/wp\/v2\/pages\/11415"}],"collection":[{"href":"https:\/\/www.corona-tracking.info\/wp-json\/wp\/v2\/pages"}],"about":[{"href":"https:\/\/www.corona-tracking.info\/wp-json\/wp\/v2\/types\/page"}],"author":[{"embeddable":true,"href":"https:\/\/www.corona-tracking.info\/wp-json\/wp\/v2\/users\/3"}],"replies":[{"embeddable":true,"href":"https:\/\/www.corona-tracking.info\/wp-json\/wp\/v2\/comments?post=11415"}],"version-history":[{"count":9,"href":"https:\/\/www.corona-tracking.info\/wp-json\/wp\/v2\/pages\/11415\/revisions"}],"predecessor-version":[{"id":11449,"href":"https:\/\/www.corona-tracking.info\/wp-json\/wp\/v2\/pages\/11415\/revisions\/11449"}],"up":[{"embeddable":true,"href":"https:\/\/www.corona-tracking.info\/wp-json\/wp\/v2\/pages\/11349"}],"wp:attachment":[{"href":"https:\/\/www.corona-tracking.info\/wp-json\/wp\/v2\/media?parent=11415"}],"curies":[{"name":"wp","href":"https:\/\/api.w.org\/{rel}","templated":true}]}}