{"id":11393,"date":"2021-11-11T18:03:55","date_gmt":"2021-11-11T17:03:55","guid":{"rendered":"https:\/\/www.corona-tracking.info\/?page_id=11393"},"modified":"2021-11-12T01:19:44","modified_gmt":"2021-11-12T00:19:44","slug":"ik-wil-vanuit-belgie-naar-het-buitenland","status":"publish","type":"page","link":"https:\/\/www.corona-tracking.info\/mockup-tegel-covid-19\/ik-wil-vanuit-belgie-naar-het-buitenland\/","title":{"rendered":"Ik wil vanuit Belgi\u00eb naar het buitenland"},"content":{"rendered":"<h4><em>Stap 1: analyse vereisten land(en van bestemming)<\/em><\/h4>\n<p>Kijk na wat de vereisten zijn die worden gesteld door het\/de land(en) van bestemming. De meest recente informatie kan je steeds terugvinden op de website van de <a href=\"https:\/\/diplomatie.belgium.be\/nl\" target=\"_blank\" rel=\"noopener\">FOD Buitenlandse Zaken<\/a> en, wat betreft de EU-lidstaten, op de <a href=\"https:\/\/reopen.europa.eu\/\" target=\"_blank\" rel=\"noopener\">website van de EU<\/a>.<\/p>\n<h4><em>Stap 2: beschikken over relevant EU Digitaal COVID-19 Certificaat<\/em><\/h4>\n<p>Zorg dat je beschikt over een EU Digitaal COVID-19 Vaccinatie-, Herstel- of Testcertificaat waarmee je bewijst te voldoen aan de vereisten die worden gesteld door het\/de land(en) van bestemming.<\/p>\n<p>Let op: de periode waarbinnen een EU Digitaal COVID-19 Vaccinatie- of Testcertificaat als geldig wordt beschouwd, en het soort test (PCR-test of sneltest) dat gedurende welke periode wordt aanvaard, verschilt naargelang het land van bestemming.<\/p>\n<p>Indien je een moet getest worden, kan je daartoe een <a href=\"\/mockup-tegel-covid-19\/ik-wil-moet-mezelf-of-mijn-kind-laten-testen\/\">CTPC (Corona Test Prescription Code) aanvragen<\/a>. Daarna kan je je testresultaat raadplegen via <a href=\"\/mockup-tegel-covid-19\/ik-wil-een-testresultaat-van-mezelf-of-van-mijn-kind-kennen\/\" target=\"_blank\" rel=\"noopener\">deze kanalen<\/a>. Indien je negatief hebt getest kan je via deze kanalen ook een EU Digitaal COVID-19 Testcertificaat afladen.<\/p>\n<p>Indien je een EU Digitaal COVID-19 Vaccinatie- of Herstelcertificaat wenst af te laden, kan je dit doen via de app CovidSafeBe of via een webtoepassing.<\/p>\n<p>Op de\u00a0<a href=\"https:\/\/covidsafe.be\/nl\" target=\"_blank\" rel=\"noopener\">website CovidSafeBe<\/a> kan je lezen hoe je de app CovidSafeBe installeert en kan gebruiken om je EU Digitaal COVID-19 Vaccinatie- of Herstelcertificaat af te laden.<\/p>\n<p>Hieronder kan je lezen hoe je via een webtoepassing je je EU Digitaal COVID-19 Vaccinatie- of Herstelcertificaat kan afladen.<\/p>\n<hr \/>\n<h6>Ik woon in Belgi\u00eb en wens een EU Digitaal COVID-19 Vaccinatie- of Herstelcertificaat af te laden van mezelf<\/h6>\n<p>Je kan je EU Digitaal COVID-19 Vaccinatie- of Herstelcertificaat afladen via deze <a href=\"https:\/\/www.mijngezondheid.belgie.be\/#\/app\/covid-19\/certificates\" target=\"_blank\" rel=\"noopener\">webtoepassing<\/a>. Je moet eerst authentiseren met je elektronische identiteitskaart of Itsme.<\/p>\n<p>Zorg dat je het volgende bij de hand hebt<\/p>\n<ol>\n<li>hetzij een lezer voor de elektronische identiteitskaart, je elektronische identiteitskaart en je pincode voor je elektronische identiteitskaart<\/li>\n<li>hetzij je GSM met de Itsme app en je pincode voor Itsme<\/li>\n<\/ol>\n<hr \/>\n<h6>Ik woon in Belgi\u00eb en wens een EU Digitaal COVID-19 Vaccinatie- of Herstelcertificaat af te laden van \u00e9\u00e9n van de kinderen die bij mij gedomicilieerd zijn<\/h6>\n<p>Je kan het EU Digitaal COVID-19 Vaccinatie- of Herstelcertificaat afladen via deze <a href=\"https:\/\/www.mijngezondheid.belgie.be\/#\/app\/covid-19\/certificates\" target=\"_blank\" rel=\"noopener\">webtoepassing<\/a>. Je moet je eerst authentiseren met je elektronische identiteitskaart of Itsme.<\/p>\n<p>Zorg dat je het volgende bij de hand hebt<\/p>\n<ol>\n<li>hetzij een lezer voor de elektronische identiteitskaart, je elektronische identiteitskaart en je pincode voor je elektronische identiteitskaart<\/li>\n<li>hetzij je GSM met de Itsme app en je pincode voor Itsme<\/li>\n<\/ol>\n<p>Selecteer de naam van je kind in het dropdown menu \u2018Voor mijn kind\u2019.<\/p>\n<hr \/>\n<h6>Ik woon niet in Belgi\u00eb<\/h6>\n<p>Aan te vullen<\/p>\n<hr \/>\n<p>&nbsp;<\/p>\n","protected":false},"excerpt":{"rendered":"<p>Stap 1: analyse vereisten land(en van bestemming) Kijk na wat de vereisten zijn die worden gesteld door het\/de land(en) van bestemming. De meest recente informatie kan je steeds terugvinden op de website van de FOD Buitenlandse Zaken en, wat betreft de EU-lidstaten, op de website van de EU. Stap 2: beschikken over relevant EU Digitaal COVID-19 Certificaat Zorg dat je beschikt over een EU Digitaal COVID-19 Vaccinatie-, Herstel- of Testcertificaat waarmee je bewijst te voldoen aan de vereisten die worden gesteld door het\/de land(en) van bestemming. Let op: de periode waarbinnen een EU Digitaal COVID-19 Vaccinatie- of Testcertificaat als geldig&#46;&#46;&#46;<\/p>\n","protected":false},"author":3,"featured_media":0,"parent":11349,"menu_order":5,"comment_status":"closed","ping_status":"closed","template":"","meta":{"footnotes":""},"_links":{"self":[{"href":"https:\/\/www.corona-tracking.info\/wp-json\/wp\/v2\/pages\/11393"}],"collection":[{"href":"https:\/\/www.corona-tracking.info\/wp-json\/wp\/v2\/pages"}],"about":[{"href":"https:\/\/www.corona-tracking.info\/wp-json\/wp\/v2\/types\/page"}],"author":[{"embeddable":true,"href":"https:\/\/www.corona-tracking.info\/wp-json\/wp\/v2\/users\/3"}],"replies":[{"embeddable":true,"href":"https:\/\/www.corona-tracking.info\/wp-json\/wp\/v2\/comments?post=11393"}],"version-history":[{"count":16,"href":"https:\/\/www.corona-tracking.info\/wp-json\/wp\/v2\/pages\/11393\/revisions"}],"predecessor-version":[{"id":11448,"href":"https:\/\/www.corona-tracking.info\/wp-json\/wp\/v2\/pages\/11393\/revisions\/11448"}],"up":[{"embeddable":true,"href":"https:\/\/www.corona-tracking.info\/wp-json\/wp\/v2\/pages\/11349"}],"wp:attachment":[{"href":"https:\/\/www.corona-tracking.info\/wp-json\/wp\/v2\/media?parent=11393"}],"curies":[{"name":"wp","href":"https:\/\/api.w.org\/{rel}","templated":true}]}}